{"id":71713,"date":"2022-02-04T09:42:41","date_gmt":"2022-02-04T08:42:41","guid":{"rendered":"https:\/\/arteregal.com.es\/producto\/jarron-cilindrico-rayado-ceramica-champa\/"},"modified":"2022-07-18T23:00:39","modified_gmt":"2022-07-18T21:00:39","slug":"jarron-cilindrico-rayado-ceramica-champa","status":"publish","type":"product","link":"https:\/\/arteregal.com.es\/pt\/producto\/jarron-cilindrico-rayado-ceramica-champa\/","title":{"rendered":"Jarr\u00f3n cil\u00edndrico rayado cer\u00e1mica champa"},"content":{"rendered":"<p>Jarr\u00f3n cil\u00edndrico rayado cer\u00e1mica champa<\/p>\n","protected":false},"excerpt":{"rendered":"<p>Jarr\u00f3n cil\u00edndrico rayado cer\u00e1mica champa<\/p>\n","protected":false},"featured_media":71714,"template":"","meta":{"_acf_changed":false},"product_brand":[],"product_cat":[45],"product_tag":[1248,1250],"class_list":{"0":"post-71713","1":"product","2":"type-product","3":"status-publish","4":"has-post-thumbnail","6":"product_cat-giftdecor-decoracion-hogar","7":"product_tag-vo22-01399","8":"product_tag-vo22-01404","10":"first","11":"instock","12":"product-type-external"},"acf":[],"_links":{"self":[{"href":"https:\/\/arteregal.com.es\/pt\/wp-json\/wp\/v2\/product\/71713","targetHints":{"allow":["GET"]}}],"collection":[{"href":"https:\/\/arteregal.com.es\/pt\/wp-json\/wp\/v2\/product"}],"about":[{"href":"https:\/\/arteregal.com.es\/pt\/wp-json\/wp\/v2\/types\/product"}],"wp:featuredmedia":[{"embeddable":true,"href":"https:\/\/arteregal.com.es\/pt\/wp-json\/wp\/v2\/media\/71714"}],"wp:attachment":[{"href":"https:\/\/arteregal.com.es\/pt\/wp-json\/wp\/v2\/media?parent=71713"}],"wp:term":[{"taxonomy":"product_brand","embeddable":true,"href":"https:\/\/arteregal.com.es\/pt\/wp-json\/wp\/v2\/product_brand?post=71713"},{"taxonomy":"product_cat","embeddable":true,"href":"https:\/\/arteregal.com.es\/pt\/wp-json\/wp\/v2\/product_cat?post=71713"},{"taxonomy":"product_tag","embeddable":true,"href":"https:\/\/arteregal.com.es\/pt\/wp-json\/wp\/v2\/product_tag?post=71713"}],"curies":[{"name":"wp","href":"https:\/\/api.w.org\/{rel}","templated":true}]}}