{"id":71725,"date":"2022-02-04T09:43:05","date_gmt":"2022-02-04T08:43:05","guid":{"rendered":"https:\/\/arteregal.com.es\/producto\/jarron-ancho-ceramica-champagne-2\/"},"modified":"2022-07-18T23:00:44","modified_gmt":"2022-07-18T21:00:44","slug":"jarron-ancho-ceramica-champagne-2","status":"publish","type":"product","link":"https:\/\/arteregal.com.es\/fr\/producto\/jarron-ancho-ceramica-champagne-2\/","title":{"rendered":"Jarr\u00f3n ancho cer\u00e1mica champagne"},"content":{"rendered":"<p>Jarr\u00f3n ancho cer\u00e1mica champagne<\/p>\n","protected":false},"excerpt":{"rendered":"<p>Jarr\u00f3n ancho cer\u00e1mica champagne<\/p>\n","protected":false},"featured_media":71726,"template":"","meta":{"_acf_changed":false},"product_brand":[],"product_cat":[45],"product_tag":[1248,1250],"class_list":{"0":"post-71725","1":"product","2":"type-product","3":"status-publish","4":"has-post-thumbnail","6":"product_cat-giftdecor-decoracion-hogar","7":"product_tag-vo22-01399","8":"product_tag-vo22-01404","10":"first","11":"instock","12":"product-type-external"},"acf":[],"_links":{"self":[{"href":"https:\/\/arteregal.com.es\/fr\/wp-json\/wp\/v2\/product\/71725","targetHints":{"allow":["GET"]}}],"collection":[{"href":"https:\/\/arteregal.com.es\/fr\/wp-json\/wp\/v2\/product"}],"about":[{"href":"https:\/\/arteregal.com.es\/fr\/wp-json\/wp\/v2\/types\/product"}],"wp:featuredmedia":[{"embeddable":true,"href":"https:\/\/arteregal.com.es\/fr\/wp-json\/wp\/v2\/media\/71726"}],"wp:attachment":[{"href":"https:\/\/arteregal.com.es\/fr\/wp-json\/wp\/v2\/media?parent=71725"}],"wp:term":[{"taxonomy":"product_brand","embeddable":true,"href":"https:\/\/arteregal.com.es\/fr\/wp-json\/wp\/v2\/product_brand?post=71725"},{"taxonomy":"product_cat","embeddable":true,"href":"https:\/\/arteregal.com.es\/fr\/wp-json\/wp\/v2\/product_cat?post=71725"},{"taxonomy":"product_tag","embeddable":true,"href":"https:\/\/arteregal.com.es\/fr\/wp-json\/wp\/v2\/product_tag?post=71725"}],"curies":[{"name":"wp","href":"https:\/\/api.w.org\/{rel}","templated":true}]}}